{"id":3,"date":"2024-10-08T13:36:14","date_gmt":"2024-10-08T13:36:14","guid":{"rendered":"https:\/\/spaziogesso.it\/?page_id=3"},"modified":"2025-01-10T10:36:20","modified_gmt":"2025-01-10T10:36:20","slug":"privacy-policy","status":"publish","type":"page","link":"https:\/\/spaziogesso.it\/index.php\/privacy-policy\/","title":{"rendered":"Privacy Policy"},"content":{"rendered":"[et_pb_section fb_built=&#8221;1&#8243; admin_label=&#8221;section&#8221; _builder_version=&#8221;4.16&#8243; global_colors_info=&#8221;{}&#8221;][et_pb_row admin_label=&#8221;row&#8221; _builder_version=&#8221;4.16&#8243; background_size=&#8221;initial&#8221; background_position=&#8221;top_left&#8221; background_repeat=&#8221;repeat&#8221; global_colors_info=&#8221;{}&#8221;][et_pb_column type=&#8221;4_4&#8243; _builder_version=&#8221;4.16&#8243; custom_padding=&#8221;|||&#8221; global_colors_info=&#8221;{}&#8221; custom_padding__hover=&#8221;|||&#8221;][et_pb_text admin_label=&#8221;Text&#8221; _builder_version=&#8221;4.27.0&#8243; background_size=&#8221;initial&#8221; background_position=&#8221;top_left&#8221; background_repeat=&#8221;repeat&#8221; hover_enabled=&#8221;0&#8243; global_colors_info=&#8221;{}&#8221; sticky_enabled=&#8221;0&#8243;]<p><\/p>\n<h2 class=\"wp-block-heading\">INFORMATIVA RESA AI SENSI DEGLI ART. 13-14 DEL GDPR (GENERAL DATA PROTECTION REGULATION) 2016\/679<\/h2>\n<p>Vi informiamo che, per l\u2019instaurazione e l\u2019esecuzione dei rapporti contrattuali con Voi in corso, la nostra organizzazione \u00e8 in possesso di Vostri dati, acquisiti anche verbalmente, direttamente o tramite terzi, qualificati come personali dal Regolamento Europe 2016\/679 dal (GDPR).<\/p>\n<p>Secondo la normativa indicata, tale trattamento sar\u00e0 improntato ai principi di correttezza, liceit\u00e0, trasparenza e di tutela della Sua riservatezza e dei Suoi diritti.<\/p>\n<p>Ai sensi dell\u2019articolo 13 del GDPR 2016\/679, pertanto, Le forniamo le seguenti informazioni:<\/p>\n<p>Natura dei dati trattati: trattiamo i Vostri dati anagrafici, fiscali e di natura economica necessari allo svolgimento dei rapporti contrattuali, in essere o futuri, con la Vostra societ\u00e0. nonch\u00e9 per conseguire una efficace gestione dei rapporti commerciali.<\/p>\n<p>I dati sono trattati senza il Vostro consenso espresso art. 6 lett. b, e, GDPR, solo ed esclusivamente per le seguenti Finalit\u00e0 di Servizio: adempiere agli obblighi precontrattuali, contrattuali e fiscali derivanti da rapporti con voi in essere; adempiere agli obblighi previsti dalla legge, da un regolamento, dalla normativa comunitaria o da un ordine dell\u2019Autorit\u00e0; esercitare i diritti del Titolare, ad esempio il diritto di difesa in giudizio. Non siamo in possesso di Vostri dati qualificabili come particolari o di natura giudiziaria (artt.9 e 10 del GDPR).<\/p>\n<p>Finalit\u00e0 del trattamento e durata: i Vostri dati vengono trattati per tutta la durata del rapporto contrattuale ed anche successivamente, per esigenze contrattuali e connessi adempimenti di obblighi legali e fiscali, e per un\u2019efficace gestione dei rapporti finanziari, commerciali e di web marketing come invio di e-mail, SMS, WhatsApp, Google Analytics, Pixel Facebook e operazioni indicate all\u2019art. 4 n. 2) GDPR. Il Titolare tratter\u00e0 i dati personali per il tempo necessario per adempiere alle finalit\u00e0 di cui sopra e comunque per non oltre 10 anni dalla cessazione del rapporto per le Finalit\u00e0 di Servizio.<\/p>\n<p>Modalit\u00e0 del trattamento: il trattamento sar\u00e0 effettuato sia con strumenti manuali e\/o informatici e telematici con logiche di organizzazione ed elaborazione strettamente correlate alle finalit\u00e0 stesse e comunque in modo da garantire la sicurezza, l\u2019integrit\u00e0 e la riservatezza dei dati stessi nel rispetto delle misure organizzative, fisiche e logiche previste dalle disposizioni vigenti.<\/p>\n<p>Obbligo o facolt\u00e0 di conferire i dati: per quanto concerne i dati che siamo obbligati a conoscere, al fine di adempiere agli obblighi previsti da leggi, il loro mancato conferimento da parte Vostra comporta l\u2019impossibilit\u00e0 di instaurare o proseguire il rapporto, nei limiti in cui tali dati sono necessari all\u2019esecuzione dello stesso.<\/p>\n<p>Ambito di conoscenza dei Vostri dati: le seguenti categorie di soggetti possono venire a conoscenza dei Vostri dati, in qualit\u00e0 di responsabili o incaricati del trattamento, nominati dalla scrivente societ\u00e0, titolare del trattamento: dirigenti, amministratori e sindaci; uffici di segreteria interni; addetti alla contabilit\u00e0 ed alla fatturazione; addetti alla commercializzazione dei servizi; agenti e rappresentanti.<\/p>\n<p>Comunicazione e diffusione: i Vostri dati non verranno da noi diffusi a soggetti indeterminati mediante la loro messa a disposizione o consultazione. I vostri dati potranno da noi essere comunicati, per quanto di loro rispettiva e specifica competenza, ad Enti ed in generale ad ogni soggetto pubblico o privato rispetto al quale vi sia per noi obbligo (o facolt\u00e0 riconosciuta da norme di legge o di normativa secondaria o comunitaria) o necessit\u00e0 di comunicazione, nonch\u00e9 a soggetti nostri consulenti, nei limiti necessari per svolgere il loro incarico presso la nostra organizzazione, previo nostra lettera di incarico che imponga il dovere di riservatezza e sicurezza.<\/p>\n<p>I Vostri diritti: nella Vostra qualit\u00e0 di interessato, avete i diritti di cui all\u2019art. 15 GDPR e precisamente i diritti di:<\/p>\n<p>i. ottenere la conferma dell\u2019esistenza o meno di dati personali che Ti riguardano, anche se non ancora registrati, e la loro comunicazione in forma intelligibile;<\/p>\n<p>ii. ottenere l\u2019indicazione: a) dell\u2019origine dei dati personali; b) delle finalit\u00e0 e modalit\u00e0 del trattamento; c) della logica applicata in caso di trattamento effettuato con l\u2019ausilio di strumenti elettronici; d) degli estremi identificativi del titolare, dei responsabili e del rappresentante designato ai sensi dell\u2019art. 3, comma 1, GDPR; e) dei soggetti o delle categorie di soggetti ai quali i dati personali possono essere comunicati o che possono venirne a conoscenza in qualit\u00e0 di rappresentante designato nel territorio dello Stato, di responsabili o incaricati;<\/p>\n<p>iii. ottenere: a) l\u2019aggiornamento, la rettificazione ovvero l\u2019integrazione dei dati; b) la cancellazione, la trasformazione in forma anonima o il blocco dei dati trattati in violazione di legge, compresi quelli di cui non \u00e8 necessaria la conservazione in relazione agli scopi per i quali i dati sono stati raccolti o successivamente trattati; c) l\u2019attestazione che le operazioni di cui alle lettere a) e b) sono state portate a conoscenza, anche per quanto riguarda il loro contenuto, di coloro ai quali i dati sono stati comunicati o diffusi, eccettuato il caso in cui tale adempimento si rivela impossibile o comporta un impiego di mezzi manifestamente sproporzionato rispetto al diritto tutelato;<\/p>\n<p>iv. opporsi, in tutto o in parte: a) per motivi legittimi al trattamento dei dati personali che Vi riguardano, ancorch\u00e9 pertinenti allo scopo della raccolta; b) al trattamento di dati personali che Vi riguardano a fini di invio di materiale pubblicitario o di vendita diretta o per il compimento di ricerche di mercato o di comunicazione commerciale, mediante l\u2019uso di sistemi automatizzati di chiamata senza l\u2019intervento di un operatore mediante e-mail e\/o mediante modalit\u00e0 di marketing tradizionali mediante telefono e\/o posta cartacea.<\/p>\n<p>Ove applicabili, avrete altres\u00ec i diritti di cui agli artt. 16-21 GDPR (Diritto di rettifica, diritto all\u2019oblio, diritto di limitazione di trattamento, diritto alla portabilit\u00e0 dei dati, diritto di opposizione), nonch\u00e9 il diritto di reclamo all\u2019Autorit\u00e0 Garante.<\/p>\n<p>In qualsiasi momento potrete ottenere conferma dell\u2019esistenza o meno di dati personali che Vi riguardano e la comunicazione di tali dati e delle finalit\u00e0 su cui si basa il trattamento. Inoltre, potrete ottenere la cancellazione, la trasformazione in forma anonima o il blocco dei dati trattati in violazione di legge, nonch\u00e9 l\u2019aggiornamento, la rettificazione o, qualora sussista un Vostro interesse in merito, l\u2019integrazione dei dati.<\/p>\n<p>Potrete opporvi, per motivi legittimi, al trattamento stesso. Vi chiediamo cortesemente di segnalare tempestivamente all\u2019Ufficio di riferimento della societ\u00e0 ogni eventuale variazione dei Vostri dati personali in modo da poter ottemperare all\u2019art. 11, lettera (c) della suddetta normativa, che richiede che i dati raccolti siano esatti e, quindi, aggiornati.<\/p>\n<p>Titolare del trattamento: titolare del trattamento \u00e8<span>\u00a0<\/span><strong>GRASSO LUCA.<\/strong><span>\u00a0<\/span>con sede in<span> <strong>Via dei Gelsi, 46, 61036, Colli al Metauro (PU), Italia<\/strong><\/span>.<\/p>\n<p>Il Responsabile del Trattamento, cui \u00e8 possibile rivolgersi per esercitare i diritti e\/o per eventuali chiarimenti in materia di tutela dati personali \u00e8 raggiungibile all\u2019indirizzo:<span> <strong>luca.grasso@spaziogesso.it<\/strong><\/span><\/p>\n<h2><\/h2>\n<h2>INFORMATIVA VERSO I CLIENTI\/FORNITORI<\/h2>\n<p><strong>Privacy \u2013 Informativa ai sensi degli articoli 13 del Regolamento Europeo 679\/2016<\/strong><\/p>\n<p><strong>GRASSO LUCA<\/strong>\u00a0rispetta la riservatezza dei dati. Per questo ci preoccupiamo di garantire che tutti i dati che fornite con l\u2019instaurazione del rapporto commerciale saranno trattati con la massima riservatezza, soprattutto i dati sensibili.<\/p>\n<p>Per questo, in osservanza a quanto disposto dall\u2019art. 13 del GDPR, vi informiamo che i dati raccolti saranno oggetto di trattamento idoneo a garantire sicurezza e riservatezza.<\/p>\n<p>I dati personali, suoi o di altro soggetto, da lei forniti saranno trattati per le seguenti finalit\u00e0:<\/p>\n<p>1. gestione dei dati forniti per finalit\u00e0 di instaurazione di un rapporto commerciale o per la sottoscrizione di un contratto;<\/p>\n<p>2. gestione dei dati derivante da obblighi legali;<\/p>\n<p>3. finalit\u00e0 commerciali e di Web Marketing.<\/p>\n<p>In tutte le finalit\u00e0 la base giuridica \u00e8 la partecipazione ad un contratto di cui il Titolare e il soggetto Interessato sono parte.<\/p>\n<p>Possono venire a conoscenza dei dati in questione in qualit\u00e0 di responsabili o incaricati nostri collaboratori e\/o nostro personale dipendente e saranno comunicati agli enti preposti all\u2019evasione di obblighi legali.<\/p>\n<p>Sono fatti salvi i diritti previsti dagli articoli 15 a 22 del GDPR, che potete esprimere mediante richiesta scritta all\u2019attenzione del responsabile del trattamento oppure via e-mail a<span>\u00a0<\/span><strong>luca.grasso@spaziogesso.it<\/strong><\/p>\n<p>Il titolare del trattamento dei dati \u00e8:<span>\u00a0<\/span><strong>GRASSO LUCA<\/strong><\/p>\n<p>Indirizzo:<span>\u00a0<\/span><strong>Via dei Gelsi, 46, 61036, Colli al Metauro (PU), Italia<\/strong><\/p>\n<p>Partita IVA:<span>\u00a0<\/span><strong>02842630416<\/strong><\/p>\n<p>E-mail:<span>\u00a0<\/span><strong>luca.grasso@spaziogesso.it<\/strong><\/p>\n<p><\/p>[\/et_pb_text][\/et_pb_column][\/et_pb_row][\/et_pb_section]","protected":false},"excerpt":{"rendered":"<p>INFORMATIVA RESA AI SENSI DEGLI ART. 13-14 DEL GDPR (GENERAL DATA PROTECTION REGULATION) 2016\/679 Vi informiamo che, per l\u2019instaurazione e l\u2019esecuzione dei rapporti contrattuali con Voi in corso, la nostra organizzazione \u00e8 in possesso di Vostri dati, acquisiti anche verbalmente, direttamente o tramite terzi, qualificati come personali dal Regolamento Europe 2016\/679 dal (GDPR). Secondo la [&hellip;]<\/p>\n","protected":false},"author":1,"featured_media":0,"parent":0,"menu_order":0,"comment_status":"closed","ping_status":"closed","template":"","meta":{"_et_pb_use_builder":"on","_et_pb_old_content":"<!-- wp:heading -->\n<h2 class=\"wp-block-heading\">Who we are<\/h2>\n<!-- \/wp:heading -->\n<!-- wp:paragraph -->\n<p><strong class=\"privacy-policy-tutorial\">Suggested text: <\/strong>Our website address is: https:\/\/spaziogesso.it.<\/p>\n<!-- \/wp:paragraph -->\n<!-- wp:heading -->\n<h2 class=\"wp-block-heading\">Comments<\/h2>\n<!-- \/wp:heading -->\n<!-- wp:paragraph -->\n<p><strong class=\"privacy-policy-tutorial\">Suggested text: <\/strong>When visitors leave comments on the site we collect the data shown in the comments form, and also the visitor&#8217;s IP address and browser user agent string to help spam detection.<\/p>\n<!-- \/wp:paragraph -->\n<!-- wp:paragraph -->\n<p>An anonymized string created from your email address (also called a hash) may be provided to the Gravatar service to see if you are using it. The Gravatar service privacy policy is available here: https:\/\/automattic.com\/privacy\/. After approval of your comment, your profile picture is visible to the public in the context of your comment.<\/p>\n<!-- \/wp:paragraph -->\n<!-- wp:heading -->\n<h2 class=\"wp-block-heading\">Media<\/h2>\n<!-- \/wp:heading -->\n<!-- wp:paragraph -->\n<p><strong class=\"privacy-policy-tutorial\">Suggested text: <\/strong>If you upload images to the website, you should avoid uploading images with embedded location data (EXIF GPS) included. Visitors to the website can download and extract any location data from images on the website.<\/p>\n<!-- \/wp:paragraph -->\n<!-- wp:heading -->\n<h2 class=\"wp-block-heading\">Cookies<\/h2>\n<!-- \/wp:heading -->\n<!-- wp:paragraph -->\n<p><strong class=\"privacy-policy-tutorial\">Suggested text: <\/strong>If you leave a comment on our site you may opt-in to saving your name, email address and website in cookies. These are for your convenience so that you do not have to fill in your details again when you leave another comment. These cookies will last for one year.<\/p>\n<!-- \/wp:paragraph -->\n<!-- wp:paragraph -->\n<p>If you visit our login page, we will set a temporary cookie to determine if your browser accepts cookies. This cookie contains no personal data and is discarded when you close your browser.<\/p>\n<!-- \/wp:paragraph -->\n<!-- wp:paragraph -->\n<p>When you log in, we will also set up several cookies to save your login information and your screen display choices. Login cookies last for two days, and screen options cookies last for a year. If you select &quot;Remember Me&quot;, your login will persist for two weeks. If you log out of your account, the login cookies will be removed.<\/p>\n<!-- \/wp:paragraph -->\n<!-- wp:paragraph -->\n<p>If you edit or publish an article, an additional cookie will be saved in your browser. This cookie includes no personal data and simply indicates the post ID of the article you just edited. It expires after 1 day.<\/p>\n<!-- \/wp:paragraph -->\n<!-- wp:heading -->\n<h2 class=\"wp-block-heading\">Embedded content from other websites<\/h2>\n<!-- \/wp:heading -->\n<!-- wp:paragraph -->\n<p><strong class=\"privacy-policy-tutorial\">Suggested text: <\/strong>Articles on this site may include embedded content (e.g. videos, images, articles, etc.). Embedded content from other websites behaves in the exact same way as if the visitor has visited the other website.<\/p>\n<!-- \/wp:paragraph -->\n<!-- wp:paragraph -->\n<p>These websites may collect data about you, use cookies, embed additional third-party tracking, and monitor your interaction with that embedded content, including tracking your interaction with the embedded content if you have an account and are logged in to that website.<\/p>\n<!-- \/wp:paragraph -->\n<!-- wp:heading -->\n<h2 class=\"wp-block-heading\">Who we share your data with<\/h2>\n<!-- \/wp:heading -->\n<!-- wp:paragraph -->\n<p><strong class=\"privacy-policy-tutorial\">Suggested text: <\/strong>If you request a password reset, your IP address will be included in the reset email.<\/p>\n<!-- \/wp:paragraph -->\n<!-- wp:heading -->\n<h2 class=\"wp-block-heading\">How long we retain your data<\/h2>\n<!-- \/wp:heading -->\n<!-- wp:paragraph -->\n<p><strong class=\"privacy-policy-tutorial\">Suggested text: <\/strong>If you leave a comment, the comment and its metadata are retained indefinitely. This is so we can recognize and approve any follow-up comments automatically instead of holding them in a moderation queue.<\/p>\n<!-- \/wp:paragraph -->\n<!-- wp:paragraph -->\n<p>For users that register on our website (if any), we also store the personal information they provide in their user profile. All users can see, edit, or delete their personal information at any time (except they cannot change their username). Website administrators can also see and edit that information.<\/p>\n<!-- \/wp:paragraph -->\n<!-- wp:heading -->\n<h2 class=\"wp-block-heading\">What rights you have over your data<\/h2>\n<!-- \/wp:heading -->\n<!-- wp:paragraph -->\n<p><strong class=\"privacy-policy-tutorial\">Suggested text: <\/strong>If you have an account on this site, or have left comments, you can request to receive an exported file of the personal data we hold about you, including any data you have provided to us. You can also request that we erase any personal data we hold about you. This does not include any data we are obliged to keep for administrative, legal, or security purposes.<\/p>\n<!-- \/wp:paragraph -->\n<!-- wp:heading -->\n<h2 class=\"wp-block-heading\">Where your data is sent<\/h2>\n<!-- \/wp:heading -->\n<!-- wp:paragraph -->\n<p><strong class=\"privacy-policy-tutorial\">Suggested text: <\/strong>Visitor comments may be checked through an automated spam detection service.<\/p>\n<!-- \/wp:paragraph -->\n","_et_gb_content_width":"1280","footnotes":""},"class_list":["post-3","page","type-page","status-publish","hentry"],"yoast_head":"<!-- This site is optimized with the Yoast SEO plugin v24.1 - https:\/\/yoast.com\/wordpress\/plugins\/seo\/ -->\n<title>Privacy Policy - SPAZIO GESSO<\/title>\n<meta name=\"robots\" content=\"index, follow, max-snippet:-1, max-image-preview:large, max-video-preview:-1\" \/>\n<link rel=\"canonical\" href=\"https:\/\/spaziogesso.it\/index.php\/privacy-policy\/\" \/>\n<meta property=\"og:locale\" content=\"en_GB\" \/>\n<meta property=\"og:type\" content=\"article\" \/>\n<meta property=\"og:title\" content=\"Privacy Policy - SPAZIO GESSO\" \/>\n<meta property=\"og:description\" content=\"INFORMATIVA RESA AI SENSI DEGLI ART. 13-14 DEL GDPR (GENERAL DATA PROTECTION REGULATION) 2016\/679 Vi informiamo che, per l\u2019instaurazione e l\u2019esecuzione dei rapporti contrattuali con Voi in corso, la nostra organizzazione \u00e8 in possesso di Vostri dati, acquisiti anche verbalmente, direttamente o tramite terzi, qualificati come personali dal Regolamento Europe 2016\/679 dal (GDPR). Secondo la [&hellip;]\" \/>\n<meta property=\"og:url\" content=\"https:\/\/spaziogesso.it\/index.php\/privacy-policy\/\" \/>\n<meta property=\"og:site_name\" content=\"SPAZIO GESSO\" \/>\n<meta property=\"article:modified_time\" content=\"2025-01-10T10:36:20+00:00\" \/>\n<meta name=\"twitter:card\" content=\"summary_large_image\" \/>\n<meta name=\"twitter:label1\" content=\"Estimated reading time\" \/>\n\t<meta name=\"twitter:data1\" content=\"3 minutes\" \/>\n<script type=\"application\/ld+json\" class=\"yoast-schema-graph\">{\"@context\":\"https:\/\/schema.org\",\"@graph\":[{\"@type\":\"WebPage\",\"@id\":\"https:\/\/spaziogesso.it\/index.php\/privacy-policy\/\",\"url\":\"https:\/\/spaziogesso.it\/index.php\/privacy-policy\/\",\"name\":\"Privacy Policy - SPAZIO GESSO\",\"isPartOf\":{\"@id\":\"https:\/\/spaziogesso.it\/#website\"},\"datePublished\":\"2024-10-08T13:36:14+00:00\",\"dateModified\":\"2025-01-10T10:36:20+00:00\",\"breadcrumb\":{\"@id\":\"https:\/\/spaziogesso.it\/index.php\/privacy-policy\/#breadcrumb\"},\"inLanguage\":\"en-GB\",\"potentialAction\":[{\"@type\":\"ReadAction\",\"target\":[\"https:\/\/spaziogesso.it\/index.php\/privacy-policy\/\"]}]},{\"@type\":\"BreadcrumbList\",\"@id\":\"https:\/\/spaziogesso.it\/index.php\/privacy-policy\/#breadcrumb\",\"itemListElement\":[{\"@type\":\"ListItem\",\"position\":1,\"name\":\"Home\",\"item\":\"https:\/\/spaziogesso.it\/\"},{\"@type\":\"ListItem\",\"position\":2,\"name\":\"Privacy Policy\"}]},{\"@type\":\"WebSite\",\"@id\":\"https:\/\/spaziogesso.it\/#website\",\"url\":\"https:\/\/spaziogesso.it\/\",\"name\":\"SPAZIO GESSO\",\"description\":\"Lavorazione del Cartongesso - Fano, Pesaro Urbino\",\"publisher\":{\"@id\":\"https:\/\/spaziogesso.it\/#organization\"},\"potentialAction\":[{\"@type\":\"SearchAction\",\"target\":{\"@type\":\"EntryPoint\",\"urlTemplate\":\"https:\/\/spaziogesso.it\/?s={search_term_string}\"},\"query-input\":{\"@type\":\"PropertyValueSpecification\",\"valueRequired\":true,\"valueName\":\"search_term_string\"}}],\"inLanguage\":\"en-GB\"},{\"@type\":\"Organization\",\"@id\":\"https:\/\/spaziogesso.it\/#organization\",\"name\":\"SPAZIO GESSO\",\"url\":\"https:\/\/spaziogesso.it\/\",\"logo\":{\"@type\":\"ImageObject\",\"inLanguage\":\"en-GB\",\"@id\":\"https:\/\/spaziogesso.it\/#\/schema\/logo\/image\/\",\"url\":\"https:\/\/spaziogesso.it\/wp-content\/uploads\/2024\/10\/logo_spazio_gesso.png\",\"contentUrl\":\"https:\/\/spaziogesso.it\/wp-content\/uploads\/2024\/10\/logo_spazio_gesso.png\",\"width\":373,\"height\":181,\"caption\":\"SPAZIO GESSO\"},\"image\":{\"@id\":\"https:\/\/spaziogesso.it\/#\/schema\/logo\/image\/\"}}]}<\/script>\n<!-- \/ Yoast SEO plugin. -->","yoast_head_json":{"title":"Privacy Policy - SPAZIO GESSO","robots":{"index":"index","follow":"follow","max-snippet":"max-snippet:-1","max-image-preview":"max-image-preview:large","max-video-preview":"max-video-preview:-1"},"canonical":"https:\/\/spaziogesso.it\/index.php\/privacy-policy\/","og_locale":"en_GB","og_type":"article","og_title":"Privacy Policy - SPAZIO GESSO","og_description":"INFORMATIVA RESA AI SENSI DEGLI ART. 13-14 DEL GDPR (GENERAL DATA PROTECTION REGULATION) 2016\/679 Vi informiamo che, per l\u2019instaurazione e l\u2019esecuzione dei rapporti contrattuali con Voi in corso, la nostra organizzazione \u00e8 in possesso di Vostri dati, acquisiti anche verbalmente, direttamente o tramite terzi, qualificati come personali dal Regolamento Europe 2016\/679 dal (GDPR). Secondo la [&hellip;]","og_url":"https:\/\/spaziogesso.it\/index.php\/privacy-policy\/","og_site_name":"SPAZIO GESSO","article_modified_time":"2025-01-10T10:36:20+00:00","twitter_card":"summary_large_image","twitter_misc":{"Estimated reading time":"3 minutes"},"schema":{"@context":"https:\/\/schema.org","@graph":[{"@type":"WebPage","@id":"https:\/\/spaziogesso.it\/index.php\/privacy-policy\/","url":"https:\/\/spaziogesso.it\/index.php\/privacy-policy\/","name":"Privacy Policy - SPAZIO GESSO","isPartOf":{"@id":"https:\/\/spaziogesso.it\/#website"},"datePublished":"2024-10-08T13:36:14+00:00","dateModified":"2025-01-10T10:36:20+00:00","breadcrumb":{"@id":"https:\/\/spaziogesso.it\/index.php\/privacy-policy\/#breadcrumb"},"inLanguage":"en-GB","potentialAction":[{"@type":"ReadAction","target":["https:\/\/spaziogesso.it\/index.php\/privacy-policy\/"]}]},{"@type":"BreadcrumbList","@id":"https:\/\/spaziogesso.it\/index.php\/privacy-policy\/#breadcrumb","itemListElement":[{"@type":"ListItem","position":1,"name":"Home","item":"https:\/\/spaziogesso.it\/"},{"@type":"ListItem","position":2,"name":"Privacy Policy"}]},{"@type":"WebSite","@id":"https:\/\/spaziogesso.it\/#website","url":"https:\/\/spaziogesso.it\/","name":"SPAZIO GESSO","description":"Lavorazione del Cartongesso - Fano, Pesaro Urbino","publisher":{"@id":"https:\/\/spaziogesso.it\/#organization"},"potentialAction":[{"@type":"SearchAction","target":{"@type":"EntryPoint","urlTemplate":"https:\/\/spaziogesso.it\/?s={search_term_string}"},"query-input":{"@type":"PropertyValueSpecification","valueRequired":true,"valueName":"search_term_string"}}],"inLanguage":"en-GB"},{"@type":"Organization","@id":"https:\/\/spaziogesso.it\/#organization","name":"SPAZIO GESSO","url":"https:\/\/spaziogesso.it\/","logo":{"@type":"ImageObject","inLanguage":"en-GB","@id":"https:\/\/spaziogesso.it\/#\/schema\/logo\/image\/","url":"https:\/\/spaziogesso.it\/wp-content\/uploads\/2024\/10\/logo_spazio_gesso.png","contentUrl":"https:\/\/spaziogesso.it\/wp-content\/uploads\/2024\/10\/logo_spazio_gesso.png","width":373,"height":181,"caption":"SPAZIO GESSO"},"image":{"@id":"https:\/\/spaziogesso.it\/#\/schema\/logo\/image\/"}}]}},"_links":{"self":[{"href":"https:\/\/spaziogesso.it\/index.php\/wp-json\/wp\/v2\/pages\/3","targetHints":{"allow":["GET"]}}],"collection":[{"href":"https:\/\/spaziogesso.it\/index.php\/wp-json\/wp\/v2\/pages"}],"about":[{"href":"https:\/\/spaziogesso.it\/index.php\/wp-json\/wp\/v2\/types\/page"}],"author":[{"embeddable":true,"href":"https:\/\/spaziogesso.it\/index.php\/wp-json\/wp\/v2\/users\/1"}],"replies":[{"embeddable":true,"href":"https:\/\/spaziogesso.it\/index.php\/wp-json\/wp\/v2\/comments?post=3"}],"version-history":[{"count":10,"href":"https:\/\/spaziogesso.it\/index.php\/wp-json\/wp\/v2\/pages\/3\/revisions"}],"predecessor-version":[{"id":304,"href":"https:\/\/spaziogesso.it\/index.php\/wp-json\/wp\/v2\/pages\/3\/revisions\/304"}],"wp:attachment":[{"href":"https:\/\/spaziogesso.it\/index.php\/wp-json\/wp\/v2\/media?parent=3"}],"curies":[{"name":"wp","href":"https:\/\/api.w.org\/{rel}","templated":true}]}}