{"id":8,"date":"2024-10-11T19:33:31","date_gmt":"2024-10-11T19:33:31","guid":{"rendered":"https:\/\/spaziogesso.it\/?page_id=8"},"modified":"2025-10-26T10:17:31","modified_gmt":"2025-10-26T10:17:31","slug":"realizzazione-cartongessi-e-isolamenti-termoacustici","status":"publish","type":"page","link":"https:\/\/spaziogesso.it\/index.php\/realizzazione-cartongessi-e-isolamenti-termoacustici\/","title":{"rendered":"Realizzazione cartongessi e isolamenti termoacustici"},"content":{"rendered":"<p>[et_pb_section fb_built=&#8221;1&#8243; admin_label=&#8221;Header&#8221; _builder_version=&#8221;4.27.2&#8243; _module_preset=&#8221;default&#8221; collapsed=&#8221;on&#8221; global_colors_info=&#8221;{}&#8221;][et_pb_row column_structure=&#8221;1_2,1_2&#8243; _builder_version=&#8221;4.27.2&#8243; _module_preset=&#8221;default&#8221; global_colors_info=&#8221;{}&#8221;][et_pb_column type=&#8221;1_2&#8243; _builder_version=&#8221;4.27.2&#8243; _module_preset=&#8221;default&#8221; global_colors_info=&#8221;{}&#8221;][et_pb_heading title=&#8221;La mia esperienza&#8221; _builder_version=&#8221;4.27.0&#8243; _module_preset=&#8221;1babb2f1-3b6a-4d54-81a7-d46b6a39fcd8&#8243; custom_margin=&#8221;||10px||false|false&#8221; global_colors_info=&#8221;{}&#8221;][\/et_pb_heading][et_pb_text _builder_version=&#8221;4.27.0&#8243; _module_preset=&#8221;default&#8221; global_colors_info=&#8221;{}&#8221;]<\/p>\n<p class=\"p1\">Mi chiamo <strong>Luca<\/strong> <strong>Grasso<\/strong>, ho maturato un esperienza lavorativa nel settore<span class=\"Apple-converted-space\">\u00a0 <\/span>della costruzione a secco dal<span class=\"Apple-converted-space\">\u00a0 <\/span>2000, presso una nota e affermata ditta di Fano (PU), perfezionando nel tempo la mia professionalit\u00e0, conoscenza e competenza. La passione per il mio lavoro mi ha portato a diventare un artigiano autonomo specializzato, in grado di rispondere al meglio alle esigenze del cliente per <span class=\"s1\">ambienti privati, locali commerciali aziende e imprese. <\/span>Sono disponibile a collaborare con architetti, geometri e designer per la parte tecnica<span class=\"Apple-converted-space\">\u00a0 <\/span>e con elettricisti, idraulici, pittori e piastrellisti per la parte pratica e di finitura, operando con seriet\u00e0, precisione , pulizia e rispetto delle tempistiche della consegna dei lavori.<\/p>\n<p>.<\/p>\n<p>[\/et_pb_text][\/et_pb_column][et_pb_column type=&#8221;1_2&#8243; _builder_version=&#8221;4.27.2&#8243; _module_preset=&#8221;22a5679e-21af-4846-9f8f-4fa8d6aa7fa4&#8243; global_colors_info=&#8221;{}&#8221;][et_pb_heading title=&#8221;Il mio Impegno&#8221; _builder_version=&#8221;4.27.0&#8243; _module_preset=&#8221;df1101d0-acfc-4365-acdd-4fbebf70834a&#8221; title_text_color=&#8221;#FFFFFF&#8221; locked=&#8221;off&#8221; global_colors_info=&#8221;{}&#8221;][\/et_pb_heading][et_pb_text _builder_version=&#8221;4.27.0&#8243; _module_preset=&#8221;91911c88-3c12-4fd1-b37c-724a83880001&#8243; locked=&#8221;off&#8221; global_colors_info=&#8221;{}&#8221;]<\/p>\n<p class=\"whitespace-pre-wrap break-words\">La vostra soddisfazione \u00e8 la nostra priorit\u00e0. Ecco perch\u00e9 ci impegniamo a:<\/p>\n<ul class=\"-mt-1 list-disc space-y-2 pl-8\" depth=\"0\">\n<li class=\"whitespace-normal break-words\" index=\"0\">Offrire preventivi chiari e dettagliati<\/li>\n<li class=\"whitespace-normal break-words\" index=\"1\">Rispettare i tempi di consegna<\/li>\n<li class=\"whitespace-normal break-words\" index=\"2\">Garantire un servizio post-vendita attento e reattivo<\/li>\n<li class=\"whitespace-normal break-words\" index=\"3\">Mantenerci aggiornati sulle ultime innovazioni del settore<\/li>\n<\/ul>\n<p>[\/et_pb_text][et_pb_heading title=&#8221;La Nostra Expertise&#8221; _builder_version=&#8221;4.27.0&#8243; _module_preset=&#8221;df1101d0-acfc-4365-acdd-4fbebf70834a&#8221; title_text_color=&#8221;#FFFFFF&#8221; locked=&#8221;off&#8221; global_colors_info=&#8221;{}&#8221;][\/et_pb_heading][et_pb_text _builder_version=&#8221;4.27.0&#8243; _module_preset=&#8221;91911c88-3c12-4fd1-b37c-724a83880001&#8243; locked=&#8221;off&#8221; global_colors_info=&#8221;{}&#8221;]<\/p>\n<p><strong>Pareti e Controsoffitti<\/strong>: Realizziamo strutture su misura, dalle semplici pareti divisorie a controsoffitti con effetti di illuminazione suggestivi.<\/p>\n<p>[\/et_pb_text][\/et_pb_column][\/et_pb_row][et_pb_row _builder_version=&#8221;4.27.0&#8243; _module_preset=&#8221;default&#8221; global_colors_info=&#8221;{}&#8221;][et_pb_column type=&#8221;4_4&#8243; _builder_version=&#8221;4.27.0&#8243; _module_preset=&#8221;default&#8221; global_colors_info=&#8221;{}&#8221;][et_pb_image src=&#8221;https:\/\/spaziogesso.it\/wp-content\/uploads\/2024\/11\/luca_grasso_chi_sono_01.jpg&#8221; title_text=&#8221;luca_grasso_chi_sono_01&#8243; force_fullwidth=&#8221;on&#8221; _builder_version=&#8221;4.27.0&#8243; _module_preset=&#8221;default&#8221; global_colors_info=&#8221;{}&#8221;][\/et_pb_image][\/et_pb_column][\/et_pb_row][\/et_pb_section][et_pb_section fb_built=&#8221;1&#8243; admin_label=&#8221;Features&#8221; _builder_version=&#8221;4.27.0&#8243; _module_preset=&#8221;default&#8221; custom_margin=&#8221;-78px||||false|false&#8221; locked=&#8221;off&#8221; collapsed=&#8221;on&#8221; global_colors_info=&#8221;{}&#8221;][et_pb_row _builder_version=&#8221;4.27.2&#8243; _module_preset=&#8221;default&#8221; global_colors_info=&#8221;{}&#8221;][et_pb_column type=&#8221;4_4&#8243; _builder_version=&#8221;4.27.2&#8243; _module_preset=&#8221;default&#8221; global_colors_info=&#8221;{}&#8221;][et_pb_heading title=&#8221;Servizio in Tutta la Provincia&#8221; _builder_version=&#8221;4.27.2&#8243; _module_preset=&#8221;6d1a58f4-c83b-423b-b496-231264d6c12f&#8221; global_colors_info=&#8221;{}&#8221;][\/et_pb_heading][\/et_pb_column][\/et_pb_row][et_pb_row _builder_version=&#8221;4.27.0&#8243; _module_preset=&#8221;default&#8221; global_colors_info=&#8221;{}&#8221;][et_pb_column type=&#8221;4_4&#8243; _builder_version=&#8221;4.27.0&#8243; _module_preset=&#8221;default&#8221; global_colors_info=&#8221;{}&#8221;][et_pb_text _builder_version=&#8221;4.27.0&#8243; _module_preset=&#8221;default&#8221; global_colors_info=&#8221;{}&#8221;]<\/p>\n<p class=\"whitespace-pre-wrap break-words\">Pur essendo basati a Fano, il nostro raggio d&#8217;azione copre l&#8217;intera provincia di Pesaro e Urbino. Portiamo la nostra esperienza ovunque voi siate, garantendo sempre lo stesso livello di qualit\u00e0 e professionalit\u00e0.<\/p>\n<p class=\"whitespace-pre-wrap break-words\">Scegliete noi per trasformare i vostri spazi con il cartongesso. Con la nostra esperienza, passione e dedizione, daremo nuova vita ai vostri ambienti, creando soluzioni su misura che rispecchiano il vostro stile e le vostre esigenze.<\/p>\n<p class=\"whitespace-pre-wrap break-words\">Contattateci oggi stesso per una consulenza gratuita e scoprite come possiamo rendere i vostri sogni di ristrutturazione una realt\u00e0!<\/p>\n<p>[\/et_pb_text][\/et_pb_column][\/et_pb_row][\/et_pb_section][et_pb_section fb_built=&#8221;1&#8243; _builder_version=&#8221;4.27.0&#8243; _module_preset=&#8221;default&#8221; global_colors_info=&#8221;{}&#8221;][et_pb_row _builder_version=&#8221;4.27.0&#8243; _module_preset=&#8221;default&#8221; global_colors_info=&#8221;{}&#8221;][et_pb_column type=&#8221;4_4&#8243; _builder_version=&#8221;4.27.0&#8243; _module_preset=&#8221;default&#8221; global_colors_info=&#8221;{}&#8221;][et_pb_image src=&#8221;https:\/\/spaziogesso.it\/wp-content\/uploads\/2024\/11\/luca_grasso_chi_sono_02.jpg&#8221; title_text=&#8221;luca_grasso_chi_sono_02&#8243; force_fullwidth=&#8221;on&#8221; _builder_version=&#8221;4.27.0&#8243; _module_preset=&#8221;default&#8221; module_alignment=&#8221;left&#8221; global_colors_info=&#8221;{}&#8221;][\/et_pb_image][\/et_pb_column][\/et_pb_row][\/et_pb_section]<\/p>\n","protected":false},"excerpt":{"rendered":"<p>Mi chiamo Luca Grasso, ho maturato un esperienza lavorativa nel settore\u00a0 della costruzione a secco dal\u00a0 2000, presso una nota e affermata ditta di Fano (PU), perfezionando nel tempo la mia professionalit\u00e0, conoscenza e competenza. La passione per il mio lavoro mi ha portato a diventare un artigiano autonomo specializzato, in grado di rispondere al [&hellip;]<\/p>\n","protected":false},"author":1,"featured_media":248,"parent":0,"menu_order":0,"comment_status":"closed","ping_status":"closed","template":"","meta":{"_et_pb_use_builder":"on","_et_pb_old_content":"","_et_gb_content_width":"","footnotes":""},"class_list":["post-8","page","type-page","status-publish","has-post-thumbnail","hentry"],"yoast_head":"<!-- This site is optimized with the Yoast SEO plugin v24.1 - https:\/\/yoast.com\/wordpress\/plugins\/seo\/ -->\n<title>Realizzazione cartongessi e isolamenti termoacustici - SPAZIO GESSO<\/title>\n<meta name=\"description\" content=\"Realizzazione cartongessi e isolamenti termoacustici. Realizziamo strutture su misura, dalle semplici pareti divisorie a controsoffitti con effetti di illuminazione suggestivi.\" \/>\n<meta name=\"robots\" content=\"index, follow, max-snippet:-1, max-image-preview:large, max-video-preview:-1\" \/>\n<link rel=\"canonical\" href=\"https:\/\/spaziogesso.it\/index.php\/realizzazione-cartongessi-e-isolamenti-termoacustici\/\" \/>\n<meta property=\"og:locale\" content=\"en_GB\" \/>\n<meta property=\"og:type\" content=\"article\" \/>\n<meta property=\"og:title\" content=\"Realizzazione cartongessi e isolamenti termoacustici - SPAZIO GESSO\" \/>\n<meta property=\"og:description\" content=\"Realizzazione cartongessi e isolamenti termoacustici. Realizziamo strutture su misura, dalle semplici pareti divisorie a controsoffitti con effetti di illuminazione suggestivi.\" \/>\n<meta property=\"og:url\" content=\"https:\/\/spaziogesso.it\/index.php\/realizzazione-cartongessi-e-isolamenti-termoacustici\/\" \/>\n<meta property=\"og:site_name\" content=\"SPAZIO GESSO\" \/>\n<meta property=\"article:modified_time\" content=\"2025-10-26T10:17:31+00:00\" \/>\n<meta property=\"og:image\" content=\"https:\/\/spaziogesso.it\/wp-content\/uploads\/2024\/11\/contatti_luca_grasso.jpg\" \/>\n\t<meta property=\"og:image:width\" content=\"1200\" \/>\n\t<meta property=\"og:image:height\" content=\"800\" \/>\n\t<meta property=\"og:image:type\" content=\"image\/jpeg\" \/>\n<meta name=\"twitter:card\" content=\"summary_large_image\" \/>\n<meta name=\"twitter:label1\" content=\"Estimated reading time\" \/>\n\t<meta name=\"twitter:data1\" content=\"2 minutes\" \/>\n<script type=\"application\/ld+json\" class=\"yoast-schema-graph\">{\"@context\":\"https:\/\/schema.org\",\"@graph\":[{\"@type\":\"WebPage\",\"@id\":\"https:\/\/spaziogesso.it\/index.php\/realizzazione-cartongessi-e-isolamenti-termoacustici\/\",\"url\":\"https:\/\/spaziogesso.it\/index.php\/realizzazione-cartongessi-e-isolamenti-termoacustici\/\",\"name\":\"Realizzazione cartongessi e isolamenti termoacustici - SPAZIO GESSO\",\"isPartOf\":{\"@id\":\"https:\/\/spaziogesso.it\/#website\"},\"primaryImageOfPage\":{\"@id\":\"https:\/\/spaziogesso.it\/index.php\/realizzazione-cartongessi-e-isolamenti-termoacustici\/#primaryimage\"},\"image\":{\"@id\":\"https:\/\/spaziogesso.it\/index.php\/realizzazione-cartongessi-e-isolamenti-termoacustici\/#primaryimage\"},\"thumbnailUrl\":\"https:\/\/spaziogesso.it\/wp-content\/uploads\/2024\/11\/contatti_luca_grasso.jpg\",\"datePublished\":\"2024-10-11T19:33:31+00:00\",\"dateModified\":\"2025-10-26T10:17:31+00:00\",\"description\":\"Realizzazione cartongessi e isolamenti termoacustici. Realizziamo strutture su misura, dalle semplici pareti divisorie a controsoffitti con effetti di illuminazione suggestivi.\",\"breadcrumb\":{\"@id\":\"https:\/\/spaziogesso.it\/index.php\/realizzazione-cartongessi-e-isolamenti-termoacustici\/#breadcrumb\"},\"inLanguage\":\"en-GB\",\"potentialAction\":[{\"@type\":\"ReadAction\",\"target\":[\"https:\/\/spaziogesso.it\/index.php\/realizzazione-cartongessi-e-isolamenti-termoacustici\/\"]}]},{\"@type\":\"ImageObject\",\"inLanguage\":\"en-GB\",\"@id\":\"https:\/\/spaziogesso.it\/index.php\/realizzazione-cartongessi-e-isolamenti-termoacustici\/#primaryimage\",\"url\":\"https:\/\/spaziogesso.it\/wp-content\/uploads\/2024\/11\/contatti_luca_grasso.jpg\",\"contentUrl\":\"https:\/\/spaziogesso.it\/wp-content\/uploads\/2024\/11\/contatti_luca_grasso.jpg\",\"width\":1200,\"height\":800},{\"@type\":\"BreadcrumbList\",\"@id\":\"https:\/\/spaziogesso.it\/index.php\/realizzazione-cartongessi-e-isolamenti-termoacustici\/#breadcrumb\",\"itemListElement\":[{\"@type\":\"ListItem\",\"position\":1,\"name\":\"Home\",\"item\":\"https:\/\/spaziogesso.it\/\"},{\"@type\":\"ListItem\",\"position\":2,\"name\":\"Realizzazione cartongessi e isolamenti termoacustici\"}]},{\"@type\":\"WebSite\",\"@id\":\"https:\/\/spaziogesso.it\/#website\",\"url\":\"https:\/\/spaziogesso.it\/\",\"name\":\"SPAZIO GESSO\",\"description\":\"Lavorazione del Cartongesso - Fano, Pesaro Urbino\",\"publisher\":{\"@id\":\"https:\/\/spaziogesso.it\/#organization\"},\"potentialAction\":[{\"@type\":\"SearchAction\",\"target\":{\"@type\":\"EntryPoint\",\"urlTemplate\":\"https:\/\/spaziogesso.it\/?s={search_term_string}\"},\"query-input\":{\"@type\":\"PropertyValueSpecification\",\"valueRequired\":true,\"valueName\":\"search_term_string\"}}],\"inLanguage\":\"en-GB\"},{\"@type\":\"Organization\",\"@id\":\"https:\/\/spaziogesso.it\/#organization\",\"name\":\"SPAZIO GESSO\",\"url\":\"https:\/\/spaziogesso.it\/\",\"logo\":{\"@type\":\"ImageObject\",\"inLanguage\":\"en-GB\",\"@id\":\"https:\/\/spaziogesso.it\/#\/schema\/logo\/image\/\",\"url\":\"https:\/\/spaziogesso.it\/wp-content\/uploads\/2024\/10\/logo_spazio_gesso.png\",\"contentUrl\":\"https:\/\/spaziogesso.it\/wp-content\/uploads\/2024\/10\/logo_spazio_gesso.png\",\"width\":373,\"height\":181,\"caption\":\"SPAZIO GESSO\"},\"image\":{\"@id\":\"https:\/\/spaziogesso.it\/#\/schema\/logo\/image\/\"}}]}<\/script>\n<!-- \/ Yoast SEO plugin. -->","yoast_head_json":{"title":"Realizzazione cartongessi e isolamenti termoacustici - SPAZIO GESSO","description":"Realizzazione cartongessi e isolamenti termoacustici. Realizziamo strutture su misura, dalle semplici pareti divisorie a controsoffitti con effetti di illuminazione suggestivi.","robots":{"index":"index","follow":"follow","max-snippet":"max-snippet:-1","max-image-preview":"max-image-preview:large","max-video-preview":"max-video-preview:-1"},"canonical":"https:\/\/spaziogesso.it\/index.php\/realizzazione-cartongessi-e-isolamenti-termoacustici\/","og_locale":"en_GB","og_type":"article","og_title":"Realizzazione cartongessi e isolamenti termoacustici - SPAZIO GESSO","og_description":"Realizzazione cartongessi e isolamenti termoacustici. Realizziamo strutture su misura, dalle semplici pareti divisorie a controsoffitti con effetti di illuminazione suggestivi.","og_url":"https:\/\/spaziogesso.it\/index.php\/realizzazione-cartongessi-e-isolamenti-termoacustici\/","og_site_name":"SPAZIO GESSO","article_modified_time":"2025-10-26T10:17:31+00:00","og_image":[{"width":1200,"height":800,"url":"https:\/\/spaziogesso.it\/wp-content\/uploads\/2024\/11\/contatti_luca_grasso.jpg","type":"image\/jpeg"}],"twitter_card":"summary_large_image","twitter_misc":{"Estimated reading time":"2 minutes"},"schema":{"@context":"https:\/\/schema.org","@graph":[{"@type":"WebPage","@id":"https:\/\/spaziogesso.it\/index.php\/realizzazione-cartongessi-e-isolamenti-termoacustici\/","url":"https:\/\/spaziogesso.it\/index.php\/realizzazione-cartongessi-e-isolamenti-termoacustici\/","name":"Realizzazione cartongessi e isolamenti termoacustici - SPAZIO GESSO","isPartOf":{"@id":"https:\/\/spaziogesso.it\/#website"},"primaryImageOfPage":{"@id":"https:\/\/spaziogesso.it\/index.php\/realizzazione-cartongessi-e-isolamenti-termoacustici\/#primaryimage"},"image":{"@id":"https:\/\/spaziogesso.it\/index.php\/realizzazione-cartongessi-e-isolamenti-termoacustici\/#primaryimage"},"thumbnailUrl":"https:\/\/spaziogesso.it\/wp-content\/uploads\/2024\/11\/contatti_luca_grasso.jpg","datePublished":"2024-10-11T19:33:31+00:00","dateModified":"2025-10-26T10:17:31+00:00","description":"Realizzazione cartongessi e isolamenti termoacustici. Realizziamo strutture su misura, dalle semplici pareti divisorie a controsoffitti con effetti di illuminazione suggestivi.","breadcrumb":{"@id":"https:\/\/spaziogesso.it\/index.php\/realizzazione-cartongessi-e-isolamenti-termoacustici\/#breadcrumb"},"inLanguage":"en-GB","potentialAction":[{"@type":"ReadAction","target":["https:\/\/spaziogesso.it\/index.php\/realizzazione-cartongessi-e-isolamenti-termoacustici\/"]}]},{"@type":"ImageObject","inLanguage":"en-GB","@id":"https:\/\/spaziogesso.it\/index.php\/realizzazione-cartongessi-e-isolamenti-termoacustici\/#primaryimage","url":"https:\/\/spaziogesso.it\/wp-content\/uploads\/2024\/11\/contatti_luca_grasso.jpg","contentUrl":"https:\/\/spaziogesso.it\/wp-content\/uploads\/2024\/11\/contatti_luca_grasso.jpg","width":1200,"height":800},{"@type":"BreadcrumbList","@id":"https:\/\/spaziogesso.it\/index.php\/realizzazione-cartongessi-e-isolamenti-termoacustici\/#breadcrumb","itemListElement":[{"@type":"ListItem","position":1,"name":"Home","item":"https:\/\/spaziogesso.it\/"},{"@type":"ListItem","position":2,"name":"Realizzazione cartongessi e isolamenti termoacustici"}]},{"@type":"WebSite","@id":"https:\/\/spaziogesso.it\/#website","url":"https:\/\/spaziogesso.it\/","name":"SPAZIO GESSO","description":"Lavorazione del Cartongesso - Fano, Pesaro Urbino","publisher":{"@id":"https:\/\/spaziogesso.it\/#organization"},"potentialAction":[{"@type":"SearchAction","target":{"@type":"EntryPoint","urlTemplate":"https:\/\/spaziogesso.it\/?s={search_term_string}"},"query-input":{"@type":"PropertyValueSpecification","valueRequired":true,"valueName":"search_term_string"}}],"inLanguage":"en-GB"},{"@type":"Organization","@id":"https:\/\/spaziogesso.it\/#organization","name":"SPAZIO GESSO","url":"https:\/\/spaziogesso.it\/","logo":{"@type":"ImageObject","inLanguage":"en-GB","@id":"https:\/\/spaziogesso.it\/#\/schema\/logo\/image\/","url":"https:\/\/spaziogesso.it\/wp-content\/uploads\/2024\/10\/logo_spazio_gesso.png","contentUrl":"https:\/\/spaziogesso.it\/wp-content\/uploads\/2024\/10\/logo_spazio_gesso.png","width":373,"height":181,"caption":"SPAZIO GESSO"},"image":{"@id":"https:\/\/spaziogesso.it\/#\/schema\/logo\/image\/"}}]}},"_links":{"self":[{"href":"https:\/\/spaziogesso.it\/index.php\/wp-json\/wp\/v2\/pages\/8","targetHints":{"allow":["GET"]}}],"collection":[{"href":"https:\/\/spaziogesso.it\/index.php\/wp-json\/wp\/v2\/pages"}],"about":[{"href":"https:\/\/spaziogesso.it\/index.php\/wp-json\/wp\/v2\/types\/page"}],"author":[{"embeddable":true,"href":"https:\/\/spaziogesso.it\/index.php\/wp-json\/wp\/v2\/users\/1"}],"replies":[{"embeddable":true,"href":"https:\/\/spaziogesso.it\/index.php\/wp-json\/wp\/v2\/comments?post=8"}],"version-history":[{"count":17,"href":"https:\/\/spaziogesso.it\/index.php\/wp-json\/wp\/v2\/pages\/8\/revisions"}],"predecessor-version":[{"id":324,"href":"https:\/\/spaziogesso.it\/index.php\/wp-json\/wp\/v2\/pages\/8\/revisions\/324"}],"wp:featuredmedia":[{"embeddable":true,"href":"https:\/\/spaziogesso.it\/index.php\/wp-json\/wp\/v2\/media\/248"}],"wp:attachment":[{"href":"https:\/\/spaziogesso.it\/index.php\/wp-json\/wp\/v2\/media?parent=8"}],"curies":[{"name":"wp","href":"https:\/\/api.w.org\/{rel}","templated":true}]}}